{"id":994,"date":"2022-12-13T14:20:03","date_gmt":"2022-12-13T12:20:03","guid":{"rendered":"https:\/\/www.bixard.com\/?post_type=product&#038;p=994"},"modified":"2025-10-07T14:15:17","modified_gmt":"2025-10-07T12:15:17","slug":"flower-stand-console-table-side-table-hallway-table-wood-mahogany","status":"publish","type":"product","link":"https:\/\/www.bixard.com\/de\/product\/flower-stand-console-table-side-table-hallway-table-wood-mahogany\/","title":{"rendered":"Blumenst\u00e4nder, Konsolentisch, Konsole, Beistelltisch, Flurtisch Holz | Mahagoni"},"content":{"rendered":"<div class=\"kk-star-ratings kksr-auto kksr-align-left kksr-valign-top\"\n    data-payload='{&quot;align&quot;:&quot;left&quot;,&quot;id&quot;:&quot;994&quot;,&quot;slug&quot;:&quot;default&quot;,&quot;valign&quot;:&quot;top&quot;,&quot;ignore&quot;:&quot;&quot;,&quot;reference&quot;:&quot;auto&quot;,&quot;class&quot;:&quot;&quot;,&quot;count&quot;:&quot;11&quot;,&quot;legendonly&quot;:&quot;&quot;,&quot;readonly&quot;:&quot;&quot;,&quot;score&quot;:&quot;4.8&quot;,&quot;starsonly&quot;:&quot;&quot;,&quot;best&quot;:&quot;5&quot;,&quot;gap&quot;:&quot;5&quot;,&quot;greet&quot;:&quot;Rate this product&quot;,&quot;legend&quot;:&quot;4.8\\\/5 - (11 votes)&quot;,&quot;size&quot;:&quot;24&quot;,&quot;title&quot;:&quot;Blumenst\u00e4nder, Konsolentisch, Konsole, Beistelltisch, Flurtisch Holz | Mahagoni&quot;,&quot;width&quot;:&quot;136.7&quot;,&quot;_legend&quot;:&quot;{score}\\\/{best} - ({count} {votes})&quot;,&quot;font_factor&quot;:&quot;1.25&quot;}'>\n            \n<div class=\"kksr-stars\">\n    \n<div class=\"kksr-stars-inactive\">\n            <div class=\"kksr-star\" data-star=\"1\" style=\"padding-right: 5px\">\n            \n\n<div class=\"kksr-icon\" style=\"width: 24px; height: 24px;\"><\/div>\n        <\/div>\n            <div class=\"kksr-star\" data-star=\"2\" style=\"padding-right: 5px\">\n            \n\n<div class=\"kksr-icon\" style=\"width: 24px; height: 24px;\"><\/div>\n        <\/div>\n            <div class=\"kksr-star\" data-star=\"3\" style=\"padding-right: 5px\">\n            \n\n<div class=\"kksr-icon\" style=\"width: 24px; height: 24px;\"><\/div>\n        <\/div>\n            <div class=\"kksr-star\" data-star=\"4\" style=\"padding-right: 5px\">\n            \n\n<div class=\"kksr-icon\" style=\"width: 24px; height: 24px;\"><\/div>\n        <\/div>\n            <div class=\"kksr-star\" data-star=\"5\" style=\"padding-right: 5px\">\n            \n\n<div class=\"kksr-icon\" style=\"width: 24px; height: 24px;\"><\/div>\n        <\/div>\n    <\/div>\n    \n<div class=\"kksr-stars-active\" style=\"width: 136.7px;\">\n            <div class=\"kksr-star\" style=\"padding-right: 5px\">\n            \n\n<div class=\"kksr-icon\" style=\"width: 24px; height: 24px;\"><\/div>\n        <\/div>\n            <div class=\"kksr-star\" style=\"padding-right: 5px\">\n            \n\n<div class=\"kksr-icon\" style=\"width: 24px; height: 24px;\"><\/div>\n        <\/div>\n            <div class=\"kksr-star\" style=\"padding-right: 5px\">\n            \n\n<div class=\"kksr-icon\" style=\"width: 24px; height: 24px;\"><\/div>\n        <\/div>\n            <div class=\"kksr-star\" style=\"padding-right: 5px\">\n            \n\n<div class=\"kksr-icon\" style=\"width: 24px; height: 24px;\"><\/div>\n        <\/div>\n            <div class=\"kksr-star\" style=\"padding-right: 5px\">\n            \n\n<div class=\"kksr-icon\" style=\"width: 24px; height: 24px;\"><\/div>\n        <\/div>\n    <\/div>\n<\/div>\n                \n\n<div class=\"kksr-legend\" style=\"font-size: 19.2px;\">\n            4.8\/5 - (11 votes)    <\/div>\n    <\/div>\n<p><\/p>\n<div id=\"twister_feature_div\" class=\"celwidget\" data-feature-name=\"twister\" data-csa-c-type=\"widget\" data-csa-c-content-id=\"twister\" data-csa-c-slot-id=\"twister_feature_div\" data-csa-c-asin=\"B07KNBSQM1\" data-csa-c-is-in-initial-active-row=\"false\" data-csa-c-id=\"8k2ptd-lmb5uk-o6eygp-6tk744\" data-cel-widget=\"twister_feature_div\">\n<div id=\"twisterContainer\" class=\"addTwisterMargin\">\n<div class=\"a-section\">\n<form id=\"twister\" class=\"a-spacing-small\" action=\"https:\/\/www.amazon.de\/gp\/product\" method=\"get\">\n<div id=\"variation_item_display_height\" class=\"a-section a-spacing-small\">\n<div class=\"a-row a-spacing-micro singleton\"><label class=\"a-form-label\">Artikel Displayh\u00f6he:\u00a0<\/label><span class=\"selection\">75.0 Zentimeter<\/span><\/div>\n<\/div>\n<\/form>\n<\/div>\n<\/div>\n<\/div>\n<div id=\"productOverview_feature_div\" class=\"celwidget\" data-feature-name=\"productOverview\" data-csa-c-type=\"widget\" data-csa-c-content-id=\"productOverview\" data-csa-c-slot-id=\"productOverview_feature_div\" data-csa-c-asin=\"B07KNBSQM1\" data-csa-c-is-in-initial-active-row=\"false\" data-csa-c-id=\"su2qat-7axg9o-az3b92-ftq96e\" data-cel-widget=\"productOverview_feature_div\">\n<div class=\"a-section a-spacing-small a-spacing-top-small\">\n<table class=\"a-normal a-spacing-micro\">\n<tbody>\n<tr class=\"a-spacing-small po-color\">\n<td class=\"a-span3\"><span class=\"a-size-base a-text-bold\">Farbe<\/span><\/td>\n<td class=\"a-span9\">Mahagoni<\/td>\n<\/tr>\n<tr class=\"a-spacing-small po-item_shape\">\n<td class=\"a-span3\"><span class=\"a-size-base a-text-bold\">Form<\/span><\/td>\n<td class=\"a-span9\"><span class=\"a-size-base\">Quadratisch<\/span><\/td>\n<\/tr>\n<tr class=\"a-spacing-small po-brand\">\n<td class=\"a-span3\"><span class=\"a-size-base a-text-bold\">Marke<\/span><\/td>\n<td class=\"a-span9\"><span class=\"a-size-base\">Bixard<\/span><\/td>\n<\/tr>\n<tr class=\"a-spacing-small po-table_design\">\n<td class=\"a-span3\"><span class=\"a-size-base a-text-bold\">Tabellendesign<\/span><\/td>\n<td class=\"a-span9\"><span class=\"a-size-base\">Beistelltisch<\/span><\/td>\n<\/tr>\n<tr class=\"a-spacing-small po-room_type\">\n<td class=\"a-span3\"><span class=\"a-size-base a-text-bold\">Zimmerart<\/span><\/td>\n<td class=\"a-span9\"><span class=\"a-size-base\">Flur, Schlafzimmer, Wohnzimmer, Esszimmer<\/span><\/td>\n<\/tr>\n<\/tbody>\n<\/table>\n<\/div>\n<\/div>\n<p><\/p>","protected":false},"excerpt":{"rendered":"<ul class=\"a-unordered-list a-vertical a-spacing-mini\">\n<li><span class=\"a-list-item\">STABILE QUALIT\u00c4T AUS MASSIVHOLZ &#8211; Tr\u00e4umen Sie vom Duft von purem Holz? Versch\u00f6nern Sie doch Ihren Wohnzimmer, Schlafzimmer, Esszimmer oder Flur mit diesen eleganten Beistelltisch, ausgefertigt aus Massivholz.<\/span><\/li>\n<li><span class=\"a-list-item\">PASST FARBLICH ZU IHREN M\u00d6BEL &#8211; Um sicherzustellen, dass Ihr neuer Konsolentisch mit Ihren restlichen M\u00f6bel optisch passt, bieten wir unterschiedlichen Farbvarianten: buche, eiche, nussbaum, nussbaum dunkel, mahagoni, kirsche, wei\u00df und vintage.<\/span><\/li>\n<li><span class=\"a-list-item\">VIELSEITIG EINSETZBAR &#8211; Funktioniert hervorragend als Hocker, Blumenst\u00e4nder, Konsolentisch, Flurtisch, oder als Beistelltisch in Ihrem Badezimmer. Lassen Sie ihm nicht allein bei der Wand stehen &#8211; dekorieren SIe ihm doch mit Ihrer wundersch\u00f6nen Vase, Lampe, Spiegel oder Pflanzen.<\/span><\/li>\n<li><span class=\"a-list-item\">ABMESSUNGEN &#8211; (HxBxT): 75x26x26cm. Abmessungen des unteren Quadrat betragen 20x20cm Dieser kleiner Tisch hat nicht nur ein attraktives Design, sondern hat er auch eine sehr solide Konstruktion &#8211; maximale Belastung bis zu 25kg.<\/span><\/li>\n<li><span class=\"a-list-item\">EINFACHE MONTAGE &#8211; dieser schmaler Tisch l\u00e4sst sich in zwei einfachen Schritten montieren. Eine einfach zu verstehende Anleitung wird selstverst\u00e4ndlich mitgeliefert. 100% ZUFRIEDENHEITSGARANTIE: bixard bietet Ihnen schnelle Lieferung und freundlichen Kundenservice vor und nach dem Bestellen. Unser Supportteam antwortet innerhalb von 24 Stunden. \u00dcberlegen Sie nicht lange und schlagen Sie einfach zu!<\/span><\/li>\n<li><\/li>\n<\/ul>\n","protected":false},"featured_media":995,"comment_status":"closed","ping_status":"closed","template":"","meta":[],"product_brand":[],"product_cat":[21,22,27],"product_tag":[],"class_list":{"0":"post-994","1":"product","2":"type-product","3":"status-publish","4":"has-post-thumbnail","6":"product_cat-flower-stool","7":"product_cat-flower-table","8":"product_cat-quadratic","9":"description-off","11":"first","12":"instock","13":"taxable","14":"shipping-taxable","15":"purchasable","16":"product-type-simple"},"_links":{"self":[{"href":"https:\/\/www.bixard.com\/de\/wp-json\/wp\/v2\/product\/994","targetHints":{"allow":["GET"]}}],"collection":[{"href":"https:\/\/www.bixard.com\/de\/wp-json\/wp\/v2\/product"}],"about":[{"href":"https:\/\/www.bixard.com\/de\/wp-json\/wp\/v2\/types\/product"}],"replies":[{"embeddable":true,"href":"https:\/\/www.bixard.com\/de\/wp-json\/wp\/v2\/comments?post=994"}],"wp:featuredmedia":[{"embeddable":true,"href":"https:\/\/www.bixard.com\/de\/wp-json\/wp\/v2\/media\/995"}],"wp:attachment":[{"href":"https:\/\/www.bixard.com\/de\/wp-json\/wp\/v2\/media?parent=994"}],"wp:term":[{"taxonomy":"product_brand","embeddable":true,"href":"https:\/\/www.bixard.com\/de\/wp-json\/wp\/v2\/product_brand?post=994"},{"taxonomy":"product_cat","embeddable":true,"href":"https:\/\/www.bixard.com\/de\/wp-json\/wp\/v2\/product_cat?post=994"},{"taxonomy":"product_tag","embeddable":true,"href":"https:\/\/www.bixard.com\/de\/wp-json\/wp\/v2\/product_tag?post=994"}],"curies":[{"name":"wp","href":"https:\/\/api.w.org\/{rel}","templated":true}]}}