{"id":906,"date":"2022-02-22T15:24:48","date_gmt":"2022-02-22T13:24:48","guid":{"rendered":"https:\/\/www.bixard.com\/?post_type=product&#038;p=906"},"modified":"2025-10-07T14:19:00","modified_gmt":"2025-10-07T12:19:00","slug":"flower-stand-solid-oak-wood-brown-28-x-75-cm","status":"publish","type":"product","link":"https:\/\/www.bixard.com\/de\/product\/flower-stand-solid-oak-wood-brown-28-x-75-cm\/","title":{"rendered":"Blumentisch aus massives Buchenholz (Eiche, 28&#215;75)"},"content":{"rendered":"<div class=\"kk-star-ratings kksr-auto kksr-align-left kksr-valign-top\"\n    data-payload='{&quot;align&quot;:&quot;left&quot;,&quot;id&quot;:&quot;906&quot;,&quot;slug&quot;:&quot;default&quot;,&quot;valign&quot;:&quot;top&quot;,&quot;ignore&quot;:&quot;&quot;,&quot;reference&quot;:&quot;auto&quot;,&quot;class&quot;:&quot;&quot;,&quot;count&quot;:&quot;14&quot;,&quot;legendonly&quot;:&quot;&quot;,&quot;readonly&quot;:&quot;&quot;,&quot;score&quot;:&quot;4.5&quot;,&quot;starsonly&quot;:&quot;&quot;,&quot;best&quot;:&quot;5&quot;,&quot;gap&quot;:&quot;5&quot;,&quot;greet&quot;:&quot;Rate this product&quot;,&quot;legend&quot;:&quot;4.5\\\/5 - (14 votes)&quot;,&quot;size&quot;:&quot;24&quot;,&quot;title&quot;:&quot;Blumentisch aus massives Buchenholz (Eiche, 28x75)&quot;,&quot;width&quot;:&quot;128&quot;,&quot;_legend&quot;:&quot;{score}\\\/{best} - ({count} {votes})&quot;,&quot;font_factor&quot;:&quot;1.25&quot;}'>\n            \n<div class=\"kksr-stars\">\n    \n<div class=\"kksr-stars-inactive\">\n            <div class=\"kksr-star\" data-star=\"1\" style=\"padding-right: 5px\">\n            \n\n<div class=\"kksr-icon\" style=\"width: 24px; height: 24px;\"><\/div>\n        <\/div>\n            <div class=\"kksr-star\" data-star=\"2\" style=\"padding-right: 5px\">\n            \n\n<div class=\"kksr-icon\" style=\"width: 24px; height: 24px;\"><\/div>\n        <\/div>\n            <div class=\"kksr-star\" data-star=\"3\" style=\"padding-right: 5px\">\n            \n\n<div class=\"kksr-icon\" style=\"width: 24px; height: 24px;\"><\/div>\n        <\/div>\n            <div class=\"kksr-star\" data-star=\"4\" style=\"padding-right: 5px\">\n            \n\n<div class=\"kksr-icon\" style=\"width: 24px; height: 24px;\"><\/div>\n        <\/div>\n            <div class=\"kksr-star\" data-star=\"5\" style=\"padding-right: 5px\">\n            \n\n<div class=\"kksr-icon\" style=\"width: 24px; height: 24px;\"><\/div>\n        <\/div>\n    <\/div>\n    \n<div class=\"kksr-stars-active\" style=\"width: 128px;\">\n            <div class=\"kksr-star\" style=\"padding-right: 5px\">\n            \n\n<div class=\"kksr-icon\" style=\"width: 24px; height: 24px;\"><\/div>\n        <\/div>\n            <div class=\"kksr-star\" style=\"padding-right: 5px\">\n            \n\n<div class=\"kksr-icon\" style=\"width: 24px; height: 24px;\"><\/div>\n        <\/div>\n            <div class=\"kksr-star\" style=\"padding-right: 5px\">\n            \n\n<div class=\"kksr-icon\" style=\"width: 24px; height: 24px;\"><\/div>\n        <\/div>\n            <div class=\"kksr-star\" style=\"padding-right: 5px\">\n            \n\n<div class=\"kksr-icon\" style=\"width: 24px; height: 24px;\"><\/div>\n        <\/div>\n            <div class=\"kksr-star\" style=\"padding-right: 5px\">\n            \n\n<div class=\"kksr-icon\" style=\"width: 24px; height: 24px;\"><\/div>\n        <\/div>\n    <\/div>\n<\/div>\n                \n\n<div class=\"kksr-legend\" style=\"font-size: 19.2px;\">\n            4.5\/5 - (14 votes)    <\/div>\n    <\/div>\n<p><\/p>\n<table class=\"a-normal a-spacing-micro\">\n<tbody>\n<tr class=\"a-spacing-small po-room_type\">\n<td class=\"a-span3\"><strong><span class=\"a-size-base a-text-bold\">Zimmerart<\/span><\/strong><\/td>\n<td class=\"a-span9\"><span class=\"a-size-base\">Flur, Wohnzimmer<\/span><\/td>\n<\/tr>\n<tr class=\"a-spacing-small po-color\">\n<td class=\"a-span3\"><strong><span class=\"a-size-base a-text-bold\">Farbe<\/span><\/strong><\/td>\n<td class=\"a-span9\"><span class=\"a-size-base\">Eiche<\/span><\/td>\n<\/tr>\n<tr class=\"a-spacing-small po-style\">\n<td class=\"a-span3\"><strong><span class=\"a-size-base a-text-bold\">Stil<\/span><\/strong><\/td>\n<td class=\"a-span9\"><span class=\"a-size-base\">Zeitgen\u00f6ssisch<\/span><\/td>\n<\/tr>\n<tr class=\"a-spacing-small po-frame.material\">\n<td class=\"a-span3\"><strong><span class=\"a-size-base a-text-bold\">Rahmenmaterial<\/span><\/strong><\/td>\n<td class=\"a-span9\"><span class=\"a-size-base\">Holz<\/span><\/td>\n<\/tr>\n<\/tbody>\n<\/table>\n<p>&nbsp;<\/p>\n<p>&nbsp;<\/p>","protected":false},"excerpt":{"rendered":"<p><label class=\"a-form-label\"><span style=\"color: #808080\">Farbe:<\/span> \u00a0<\/label><span style=\"font-size: 16pt\"><strong><span class=\"selection\">Eiche<\/span><\/strong><\/span><\/p>\n[dt_divider style=\"thin\" \/]\n<ul class=\"a-unordered-list a-vertical a-spacing-mini\">\n<li><span class=\"a-list-item\">Tr\u00e4umen Sie vom Duft von purem Holz? Versch\u00f6nen Sie doch Ihr Wohnzimmer, Flur oder Vorhalle mit diesen eleganten Blumenst\u00e4nder, ausgefertigt aus massives Buchenholz.<\/span><\/li>\n<li><span class=\"a-list-item\">Die feinen Konturen des Blumenhockers werden perfekt zu Ihrem bereits vorhandenen M\u00f6bel passen. Dieser einzigartiger Hocker ist vielseitig einsetzbar: als Blumenst\u00e4nder in Ihrem Wohnzimmer, als Beistelltisch im Flur oder als Ablagefl\u00e4che f\u00fcr Ihren Schl\u00fcssel.<\/span><\/li>\n<li><span class=\"a-list-item\">Blumenocker hat nicht nur ein attraktives Design, sondern er hat auch eine sehr solide Konstruktion &#8211; maximale Belastung bis zu 20kg.<\/span><\/li>\n<li><span class=\"a-list-item\">Um sicherzustellen, dass Ihr neuer Blumenhocker mit Ihren restlichen M\u00f6bel optisch passt, bieten wir 7 unterschiedlichen Farbvarianten: buche, eiche, braun, dunkel braun, mahagoni und kirsche.<\/span><\/li>\n<li><span class=\"a-list-item\">Der Blumenstisch ist in zwei Ma\u00dfen zu haben (HxBxT): 60x 26 x 26cm und 75 x 26 x 26cm.<\/span><\/li>\n<li><\/li>\n<\/ul>\n","protected":false},"featured_media":907,"comment_status":"closed","ping_status":"closed","template":"","meta":[],"product_brand":[],"product_cat":[23,21,22],"product_tag":[],"class_list":{"0":"post-906","1":"product","2":"type-product","3":"status-publish","4":"has-post-thumbnail","6":"product_cat-28-x-75-cm","7":"product_cat-flower-stool","8":"product_cat-flower-table","9":"description-off","11":"first","12":"instock","13":"taxable","14":"shipping-taxable","15":"purchasable","16":"product-type-simple"},"_links":{"self":[{"href":"https:\/\/www.bixard.com\/de\/wp-json\/wp\/v2\/product\/906","targetHints":{"allow":["GET"]}}],"collection":[{"href":"https:\/\/www.bixard.com\/de\/wp-json\/wp\/v2\/product"}],"about":[{"href":"https:\/\/www.bixard.com\/de\/wp-json\/wp\/v2\/types\/product"}],"replies":[{"embeddable":true,"href":"https:\/\/www.bixard.com\/de\/wp-json\/wp\/v2\/comments?post=906"}],"wp:featuredmedia":[{"embeddable":true,"href":"https:\/\/www.bixard.com\/de\/wp-json\/wp\/v2\/media\/907"}],"wp:attachment":[{"href":"https:\/\/www.bixard.com\/de\/wp-json\/wp\/v2\/media?parent=906"}],"wp:term":[{"taxonomy":"product_brand","embeddable":true,"href":"https:\/\/www.bixard.com\/de\/wp-json\/wp\/v2\/product_brand?post=906"},{"taxonomy":"product_cat","embeddable":true,"href":"https:\/\/www.bixard.com\/de\/wp-json\/wp\/v2\/product_cat?post=906"},{"taxonomy":"product_tag","embeddable":true,"href":"https:\/\/www.bixard.com\/de\/wp-json\/wp\/v2\/product_tag?post=906"}],"curies":[{"name":"wp","href":"https:\/\/api.w.org\/{rel}","templated":true}]}}